{"id":1969,"date":"2023-06-16T22:27:43","date_gmt":"2023-06-16T19:27:43","guid":{"rendered":"https:\/\/alisukru.org\/?page_id=1969"},"modified":"2023-07-16T18:40:11","modified_gmt":"2023-07-16T15:40:11","slug":"jb-is-ilani","status":"publish","type":"page","link":"https:\/\/alisukru.org\/?page_id=1969","title":{"rendered":"\u0130\u015f \u0130lanlar\u0131"},"content":{"rendered":"\n<div class=\"jb jb-jobs\" data-base-post=\"1969\"\n\tdata-hide-expired=\"1\"\n\tdata-hide-filled=\"1\"\n\tdata-filled-only=\"\"\n\tdata-orderby=\"date\"\n\tdata-order=\"DESC\"\n\tdata-employer=\"\"\n\tdata-no-logo=\"\"\n\tdata-hide-job-types=\"\"\n\tdata-page=\"1\"\n\tdata-per-page=\"10\"\n\tdata-no-jobs=\"No Jobs\"\n\tdata-no-jobs-search=\"No Jobs found\"\n\tdata-category=\"\"\n\tdata-type=\"\"\n\t\tdata-wrapper-index=\"1\">\n\n\t\n<div class=\"jb-overlay\">\n\t<div class=\"jb-ajax-loading\"><\/div>\n<\/div>\n\n<div class=\"jb-jobs-header\">\n\n\t\n\t\n\t\t<div class=\"jb-jobs-header-row jb-jobs-search-row\">\n\t\t\t<div class=\"jb-jobs-search-line\">\n\n\t\t\t\t\n\t\t\t\t\t<label>\n\t\t\t\t\t\t<span>Find Jobs:<\/span>\n\t\t\t\t\t\t\t\t\t\t\t\t<input type=\"search\" class=\"jb-search-line\" placeholder=\"Job title, keywords, or company\" value=\"\" aria-label=\"Find Jobs by title\" \/>\n\t\t\t\t\t<\/label>\n\n\t\t\t\t\t\n\t\t\t\t\t<label>\n\t\t\t\t\t\t<span>Find Jobs:<\/span>\n\t\t\t\t\t\t<input type=\"search\" class=\"jb-search-location\" placeholder=\"City, State or Country\" value=\"\" aria-label=\"Find Jobs by location\" \/>\n\t\t\t\t\t\t\t\t\t\t\t<\/label>\n\t\t\t\t\n\t\t\t\t<input type=\"button\" class=\"jb-do-search jb-button\" value=\"Find Jobs\" \/>\n\t\t\t<\/div>\n\t\t<\/div>\n\n\t\t\n\t\t<div class=\"jb-jobs-header-row jb-jobs-filters-row\">\n\t\t\t<label>\n\t\t\t\t<input type=\"checkbox\" class=\"jb-only-remote\" value=\"1\"  \/>&nbsp;Show only remote jobs\t\t\t<\/label>\n\n\t\t\t\n\t\t\t\t<label>\n\t\t\t\t\t<select class=\"jb-job-type-filter\">\n\t\t\t\t\t\t<option value=\"\"  selected='selected'>Select job type<\/option>\n\t\t\t\t\t\t\t\t\t\t\t\t\t<option value=\"42\" >Freelance<\/option>\n\t\t\t\t\t\t\t\t\t\t\t\t\t<option value=\"39\" >Full-time<\/option>\n\t\t\t\t\t\t\t\t\t\t\t\t\t<option value=\"44\" >Graduate<\/option>\n\t\t\t\t\t\t\t\t\t\t\t\t\t<option value=\"41\" >Internship<\/option>\n\t\t\t\t\t\t\t\t\t\t\t\t\t<option value=\"40\" >Part-time<\/option>\n\t\t\t\t\t\t\t\t\t\t\t\t\t<option value=\"43\" >Temporary<\/option>\n\t\t\t\t\t\t\t\t\t\t\t\t\t<option value=\"45\" >Volunteer<\/option>\n\t\t\t\t\t\t\t\t\t\t\t<\/select>\n\t\t\t\t<\/label>\n\n\t\t\t\t\t\t\t\t\t\t<label>\n\t\t\t\t\t\t\t<select class=\"jb-job-category-filter\">\n\t\t\t\t\t\t\t\t<option value=\"\"  selected='selected'>Select job category<\/option>\n\t\t\t\t\t\t\t\t\t\t\t\t\t\t\t\t\t<option value=\"46\" > \u0130hracat Uzman\u0131<\/option>\n\t\t\t\t\t\t\t\t\t\t\t\t\t\t\t<\/select>\n\t\t\t\t\t\t<\/label>\n\t\t\t\t\t\t\t\t<\/div>\n\n\t\t<\/div>\n\n<script type=\"text\/template\" id=\"tmpl-jb-jobs-list-line\">\n\t<# if ( data.jobs.length > 0 ) { #>\n\n\t\t<# _.each( data.jobs, function( job, key, list ) { #>\n\t\t\t\n\t\t\t<div class=\"jb-job-list-row<# if ( ! job.logo ) { #> jb-job-list-no-logo<# } #><# if ( job.actions.length > 0 ) { #> jb-job-list-with-actions<# } #><# if ( job.featured ) { #> jb-job-list-featured<# } #>\">\t\t\t\t<# if ( ! data.hide_logo ) { #>\n\t\t\t\t\t<# if ( job.logo ) { #>\n\t\t\t\t\t\t<div class=\"jb-job-logo\">\n\t\t\t\t\t\t\t{{{job.logo}}}\n\t\t\t\t\t\t<\/div>\n\t\t\t\t\t<# } #>\n\t\t\t\t<# } #>\n\t\t\t\t<div class=\"jb-row-data\">\n\t\t\t\t\t<div class=\"jb-job-title\">\n\t\t\t\t\t\t<span class=\"jb-job-title-link-line\"><a href=\"{{{job.permalink}}}\" class=\"jb-job-title-link\">{{{job.title}}}<\/a><\/span>\n\t\t\t\t\t\t<div class=\"jb-job-title-end jb-responsive jb-ui-m jb-ui-l jb-ui-xl\">\n\t\t\t\t\t\t\t<# if ( job.featured ) { #>\n\t\t\t\t\t\t\t\t<div class=\"jb-job-featured\">Featured<\/div>\n\t\t\t\t\t\t\t<# } #>\n\t\t\t\t\t\t\t<# if ( ! data.hide_job_types ) { #>\n\t\t\t\t\t\t\t\t<# if ( job.types.length > 0 ) { #>\n\t\t\t\t\t\t\t\t\t<div class=\"jb-job-types\">\n\t\t\t\t\t\t\t\t\t\t<# _.each( job.types, function( type, t_key, t_list ) { #>\n\t\t\t\t\t\t\t\t\t\t\t<div class=\"jb-job-type\" style=\"color:{{{type.color}}};background:{{{type.bg_color}}};\">\n\t\t\t\t\t\t\t\t\t\t\t\t{{{type.name}}}\n\t\t\t\t\t\t\t\t\t\t\t<\/div>\n\t\t\t\t\t\t\t\t\t\t<# }); #>\n\t\t\t\t\t\t\t\t\t<\/div>\n\t\t\t\t\t\t\t\t<# } #>\n\t\t\t\t\t\t\t<# } #>\n\t\t\t\t\t\t<\/div>\n\t\t\t\t\t<\/div>\n\t\t\t\t\t<div class=\"jb-row-info\">\n\t\t\t\t\t\t<div class=\"jb-row-left-side\">\n\t\t\t\t\t\t\t<# if ( job.company.name ) { #>\n\t\t\t\t\t\t\t\t<div class=\"company\">\n\t\t\t\t\t\t\t\t\t<i class=\"far fa-building\"><\/i>\n\t\t\t\t\t\t\t\t\t<span title=\"{{{job.company.tagline}}}\">\n\t\t\t\t\t\t\t\t\t\t{{{job.company.name}}}\n\t\t\t\t\t\t\t\t\t<\/span>\n\t\t\t\t\t\t\t\t<\/div>\n\t\t\t\t\t\t\t<# } #>\n\n\t\t\t\t\t\t\t<# if ( job.location ) { #>\n\t\t\t\t\t\t\t\t<div class=\"location\">\n\t\t\t\t\t\t\t\t\t<i class=\"fas fa-map-marker-alt\"><\/i>\n\t\t\t\t\t\t\t\t\t{{{job.location}}}\n\t\t\t\t\t\t\t\t<\/div>\n\t\t\t\t\t\t\t<# } #>\n\n\t\t\t\t\t\t\t\t\t\t\t\t\t\t\t<# if ( job.category ) { #>\n\t\t\t\t\t\t\t\t\t<div class=\"category\">\n\t\t\t\t\t\t\t\t\t\t{{{job.category}}}\n\t\t\t\t\t\t\t\t\t<\/div>\n\t\t\t\t\t\t\t\t<# } #>\n\t\t\t\t\t\t\t\n\t\t\t\t\t\t\t<div class=\"jb-responsive jb-ui-s jb-ui-xs date\" title=\"Posted\">\n\t\t\t\t\t\t\t\t<i class=\"far fa-calendar-alt\"><\/i>\n\t\t\t\t\t\t\t\tPosted {{{job.date}}}\n\t\t\t\t\t\t\t<\/div>\n\n\t\t\t\t\t\t\t<# if ( job.expires ) { #>\n\t\t\t\t\t\t\t\t<div class=\"expires\" title=\"Expires\">\n\t\t\t\t\t\t\t\t\t<i class=\"fa fa-calendar-times-o\"><\/i>\n\t\t\t\t\t\t\t\t\tClosing on {{{job.expires}}}\n\t\t\t\t\t\t\t\t<\/div>\n\t\t\t\t\t\t\t<# } #>\n\n\t\t\t\t\t\t\t\t\t\t\t\t\t<\/div>\n\t\t\t\t\t\t<div class=\"jb-row-right-side\">\n\t\t\t\t\t\t\t<div class=\"date jb-responsive jb-ui-m jb-ui-l jb-ui-xl date\" title=\"Posted\">\n\t\t\t\t\t\t\t\t{{{job.date}}}\n\t\t\t\t\t\t\t<\/div>\n\t\t\t\t\t\t\t<div class=\"jb-row-right-side-line\">\n\t\t\t\t\t\t\t\t<# if ( job.featured ) { #>\n\t\t\t\t\t\t\t\t\t<div class=\"jb-job-featured jb-responsive jb-ui-s jb-ui-xs\">Featured<\/div>\n\t\t\t\t\t\t\t\t<# } #>\n\t\t\t\t\t\t\t\t<# if ( ! data.hide_job_types ) { #>\n\t\t\t\t\t\t\t\t\t<# if ( job.types.length > 0 ) { #>\n\t\t\t\t\t\t\t\t\t\t<div class=\"jb-job-types jb-responsive jb-ui-s jb-ui-xs\">\n\t\t\t\t\t\t\t\t\t\t\t<# _.each( job.types, function( type, t_key, t_list ) { #>\n\t\t\t\t\t\t\t\t\t\t\t\t<div class=\"jb-job-type\" style=\"color:{{{type.color}}};background:{{{type.bg_color}}};\">\n\t\t\t\t\t\t\t\t\t\t\t\t\t{{{type.name}}}\n\t\t\t\t\t\t\t\t\t\t\t\t<\/div>\n\t\t\t\t\t\t\t\t\t\t\t<# }); #>\n\t\t\t\t\t\t\t\t\t\t<\/div>\n\t\t\t\t\t\t\t\t\t<# } #>\n\t\t\t\t\t\t\t\t<# } #>\n\t\t\t\t\t\t\t<\/div>\n\t\t\t\t\t\t<\/div>\n\t\t\t\t\t<\/div>\n\t\t\t\t<\/div>\n\t\t\t\t<# if ( job.actions.length > 0 ) { #>\n\t\t\t\t\t<div class=\"jb-row-actions\">\n\t\t\t\t\t\t<# _.each( job.actions, function( action, a_key, a_list ) { #>\n\t\t\t\t\t\t\t<# if ( action.html ) { #>\n\t\t\t\t\t\t\t\t{{{action.html}}}\n\t\t\t\t\t\t\t<# } else { #>\n\t\t\t\t\t\t\t\t<a href=\"{{{action.url}}}\" class=\"{{{action.class}}}\">\n\t\t\t\t\t\t\t\t\t<i class=\"{{{action.img}}}\"><\/i>\n\t\t\t\t\t\t\t\t<\/a>\n\t\t\t\t\t\t\t<# } #>\n\t\t\t\t\t\t<# }); #>\n\t\t\t\t\t<\/div>\n\t\t\t\t<# } #>\n\t\t\t<\/div>\n\t\t<# }); #>\n\t<# } #>\n<\/script>\n\n<div class=\"jb-jobs-wrapper\"><\/div>\n\n<div class=\"jb-jobs-pagination-box\">\n\t<input type=\"button\" class=\"jb-button jb-load-more-jobs\" value=\"Load more jobs\" \/>\n<\/div>\n<\/div>\n\n<div class=\"pvc_clear\"><\/div>\n<p id=\"pvc_stats_1969\" class=\"pvc_stats all  \" data-element-id=\"1969\" style=\"\"><i class=\"pvc-stats-icon medium\" aria-hidden=\"true\"><svg xmlns=\"http:\/\/www.w3.org\/2000\/svg\" version=\"1.0\" viewBox=\"0 0 502 315\" preserveAspectRatio=\"xMidYMid meet\"><g transform=\"translate(0,332) scale(0.1,-0.1)\" fill=\"\" stroke=\"none\"><path d=\"M2394 3279 l-29 -30 -3 -207 c-2 -182 0 -211 15 -242 39 -76 157 -76 196 0 15 31 17 60 15 243 l-3 209 -33 29 c-26 23 -41 29 -80 29 -41 0 -53 -5 -78 -31z\"\/><path d=\"M3085 3251 c-45 -19 -58 -50 -96 -229 -47 -217 -49 -260 -13 -295 52 -53 146 -42 177 20 16 31 87 366 87 410 0 70 -86 122 -155 94z\"\/><path d=\"M1751 3234 c-13 -9 -29 -31 -37 -50 -12 -29 -10 -49 21 -204 19 -94 39 -189 45 -210 14 -50 54 -80 110 -80 34 0 48 6 76 34 21 21 34 44 34 59 0 14 -18 113 -40 219 -37 178 -43 195 -70 221 -36 32 -101 37 -139 11z\"\/><path d=\"M1163 3073 c-36 -7 -73 -59 -73 -102 0 -56 133 -378 171 -413 34 -32 83 -37 129 -13 70 36 67 87 -16 290 -86 209 -89 214 -129 231 -35 14 -42 15 -82 7z\"\/><path d=\"M3689 3066 c-15 -9 -33 -30 -42 -48 -48 -103 -147 -355 -147 -375 0 -98 131 -148 192 -74 13 15 57 108 97 206 80 196 84 226 37 273 -30 30 -99 39 -137 18z\"\/><path d=\"M583 2784 c-38 -19 -67 -74 -58 -113 9 -42 211 -354 242 -373 16 -10 45 -18 66 -18 51 0 107 52 107 100 0 39 -1 41 -124 234 -80 126 -108 162 -133 173 -41 17 -61 16 -100 -3z\"\/><path d=\"M4250 2784 c-14 -9 -74 -91 -133 -183 -95 -150 -107 -173 -107 -213 0 -55 33 -94 87 -104 67 -13 90 8 211 198 130 202 137 225 78 284 -27 27 -42 34 -72 34 -22 0 -50 -8 -64 -16z\"\/><path d=\"M2275 2693 c-553 -48 -1095 -270 -1585 -649 -135 -104 -459 -423 -483 -476 -23 -49 -22 -139 2 -186 73 -142 361 -457 571 -626 285 -228 642 -407 990 -497 242 -63 336 -73 660 -74 310 0 370 5 595 52 535 111 1045 392 1455 803 122 121 250 273 275 326 19 41 19 137 0 174 -41 79 -309 363 -465 492 -447 370 -946 591 -1479 653 -113 14 -422 18 -536 8z m395 -428 c171 -34 330 -124 456 -258 112 -119 167 -219 211 -378 27 -96 24 -300 -5 -401 -72 -255 -236 -447 -474 -557 -132 -62 -201 -76 -368 -76 -167 0 -236 14 -368 76 -213 98 -373 271 -451 485 -162 444 86 934 547 1084 153 49 292 57 452 25z m909 -232 c222 -123 408 -262 593 -441 76 -74 138 -139 138 -144 0 -16 -233 -242 -330 -319 -155 -123 -309 -223 -461 -299 l-81 -41 32 46 c18 26 49 83 70 128 143 306 141 649 -6 957 -25 52 -61 116 -79 142 l-34 47 45 -20 c26 -10 76 -36 113 -56z m-2057 25 c-40 -58 -105 -190 -130 -263 -110 -324 -59 -707 132 -981 25 -35 42 -64 37 -64 -19 0 -241 119 -326 174 -188 122 -406 314 -532 468 l-58 71 108 103 c185 178 428 349 672 473 66 33 121 60 123 61 2 0 -10 -19 -26 -42z\"\/><path d=\"M2375 1950 c-198 -44 -350 -190 -395 -379 -18 -76 -8 -221 19 -290 114 -284 457 -406 731 -260 98 52 188 154 231 260 27 69 37 214 19 290 -38 163 -166 304 -326 360 -67 23 -215 33 -279 19z\"\/><\/g><\/svg><\/i> <img loading=\"lazy\" decoding=\"async\" width=\"16\" height=\"16\" alt=\"Loading\" src=\"https:\/\/alisukru.org\/wp-content\/plugins\/page-views-count\/ajax-loader-2x.gif\" border=0 \/><\/p>\n<div class=\"pvc_clear\"><\/div>\n","protected":false},"excerpt":{"rendered":"<div class=\"pvc_clear\"><\/div>\n<p id=\"pvc_stats_1969\" class=\"pvc_stats all  \" data-element-id=\"1969\" style=\"\"><i class=\"pvc-stats-icon medium\" aria-hidden=\"true\"><svg xmlns=\"http:\/\/www.w3.org\/2000\/svg\" version=\"1.0\" viewBox=\"0 0 502 315\" preserveAspectRatio=\"xMidYMid meet\"><g transform=\"translate(0,332) scale(0.1,-0.1)\" fill=\"\" stroke=\"none\"><path d=\"M2394 3279 l-29 -30 -3 -207 c-2 -182 0 -211 15 -242 39 -76 157 -76 196 0 15 31 17 60 15 243 l-3 209 -33 29 c-26 23 -41 29 -80 29 -41 0 -53 -5 -78 -31z\"\/><path d=\"M3085 3251 c-45 -19 -58 -50 -96 -229 -47 -217 -49 -260 -13 -295 52 -53 146 -42 177 20 16 31 87 366 87 410 0 70 -86 122 -155 94z\"\/><path d=\"M1751 3234 c-13 -9 -29 -31 -37 -50 -12 -29 -10 -49 21 -204 19 -94 39 -189 45 -210 14 -50 54 -80 110 -80 34 0 48 6 76 34 21 21 34 44 34 59 0 14 -18 113 -40 219 -37 178 -43 195 -70 221 -36 32 -101 37 -139 11z\"\/><path d=\"M1163 3073 c-36 -7 -73 -59 -73 -102 0 -56 133 -378 171 -413 34 -32 83 -37 129 -13 70 36 67 87 -16 290 -86 209 -89 214 -129 231 -35 14 -42 15 -82 7z\"\/><path d=\"M3689 3066 c-15 -9 -33 -30 -42 -48 -48 -103 -147 -355 -147 -375 0 -98 131 -148 192 -74 13 15 57 108 97 206 80 196 84 226 37 273 -30 30 -99 39 -137 18z\"\/><path d=\"M583 2784 c-38 -19 -67 -74 -58 -113 9 -42 211 -354 242 -373 16 -10 45 -18 66 -18 51 0 107 52 107 100 0 39 -1 41 -124 234 -80 126 -108 162 -133 173 -41 17 -61 16 -100 -3z\"\/><path d=\"M4250 2784 c-14 -9 -74 -91 -133 -183 -95 -150 -107 -173 -107 -213 0 -55 33 -94 87 -104 67 -13 90 8 211 198 130 202 137 225 78 284 -27 27 -42 34 -72 34 -22 0 -50 -8 -64 -16z\"\/><path d=\"M2275 2693 c-553 -48 -1095 -270 -1585 -649 -135 -104 -459 -423 -483 -476 -23 -49 -22 -139 2 -186 73 -142 361 -457 571 -626 285 -228 642 -407 990 -497 242 -63 336 -73 660 -74 310 0 370 5 595 52 535 111 1045 392 1455 803 122 121 250 273 275 326 19 41 19 137 0 174 -41 79 -309 363 -465 492 -447 370 -946 591 -1479 653 -113 14 -422 18 -536 8z m395 -428 c171 -34 330 -124 456 -258 112 -119 167 -219 211 -378 27 -96 24 -300 -5 -401 -72 -255 -236 -447 -474 -557 -132 -62 -201 -76 -368 -76 -167 0 -236 14 -368 76 -213 98 -373 271 -451 485 -162 444 86 934 547 1084 153 49 292 57 452 25z m909 -232 c222 -123 408 -262 593 -441 76 -74 138 -139 138 -144 0 -16 -233 -242 -330 -319 -155 -123 -309 -223 -461 -299 l-81 -41 32 46 c18 26 49 83 70 128 143 306 141 649 -6 957 -25 52 -61 116 -79 142 l-34 47 45 -20 c26 -10 76 -36 113 -56z m-2057 25 c-40 -58 -105 -190 -130 -263 -110 -324 -59 -707 132 -981 25 -35 42 -64 37 -64 -19 0 -241 119 -326 174 -188 122 -406 314 -532 468 l-58 71 108 103 c185 178 428 349 672 473 66 33 121 60 123 61 2 0 -10 -19 -26 -42z\"\/><path d=\"M2375 1950 c-198 -44 -350 -190 -395 -379 -18 -76 -8 -221 19 -290 114 -284 457 -406 731 -260 98 52 188 154 231 260 27 69 37 214 19 290 -38 163 -166 304 -326 360 -67 23 -215 33 -279 19z\"\/><\/g><\/svg><\/i> <img loading=\"lazy\" decoding=\"async\" width=\"16\" height=\"16\" alt=\"Loading\" src=\"https:\/\/alisukru.org\/wp-content\/plugins\/page-views-count\/ajax-loader-2x.gif\" border=0 \/><\/p>\n<div class=\"pvc_clear\"><\/div>\n","protected":false},"author":1,"featured_media":0,"parent":0,"menu_order":0,"comment_status":"closed","ping_status":"closed","template":"","meta":{"_uag_custom_page_level_css":"","site-sidebar-layout":"default","site-content-layout":"","ast-site-content-layout":"default","site-content-style":"default","site-sidebar-style":"default","ast-global-header-display":"","ast-banner-title-visibility":"","ast-main-header-display":"","ast-hfb-above-header-display":"","ast-hfb-below-header-display":"","ast-hfb-mobile-header-display":"","site-post-title":"disabled","ast-breadcrumbs-content":"","ast-featured-img":"","footer-sml-layout":"","ast-disable-related-posts":"","theme-transparent-header-meta":"","adv-header-id-meta":"","stick-header-meta":"","header-above-stick-meta":"","header-main-stick-meta":"","header-below-stick-meta":"","astra-migrate-meta-layouts":"default","ast-page-background-enabled":"default","ast-page-background-meta":{"desktop":{"background-color":"","background-image":"","background-repeat":"repeat","background-position":"center center","background-size":"auto","background-attachment":"scroll","background-type":"","background-media":"","overlay-type":"","overlay-color":"","overlay-opacity":"","overlay-gradient":""},"tablet":{"background-color":"","background-image":"","background-repeat":"repeat","background-position":"center center","background-size":"auto","background-attachment":"scroll","background-type":"","background-media":"","overlay-type":"","overlay-color":"","overlay-opacity":"","overlay-gradient":""},"mobile":{"background-color":"","background-image":"","background-repeat":"repeat","background-position":"center center","background-size":"auto","background-attachment":"scroll","background-type":"","background-media":"","overlay-type":"","overlay-color":"","overlay-opacity":"","overlay-gradient":""}},"ast-content-background-meta":{"desktop":{"background-color":"var(--ast-global-color-5)","background-image":"","background-repeat":"repeat","background-position":"center center","background-size":"auto","background-attachment":"scroll","background-type":"","background-media":"","overlay-type":"","overlay-color":"","overlay-opacity":"","overlay-gradient":""},"tablet":{"background-color":"var(--ast-global-color-5)","background-image":"","background-repeat":"repeat","background-position":"center center","background-size":"auto","background-attachment":"scroll","background-type":"","background-media":"","overlay-type":"","overlay-color":"","overlay-opacity":"","overlay-gradient":""},"mobile":{"background-color":"var(--ast-global-color-5)","background-image":"","background-repeat":"repeat","background-position":"center center","background-size":"auto","background-attachment":"scroll","background-type":"","background-media":"","overlay-type":"","overlay-color":"","overlay-opacity":"","overlay-gradient":""}},"footnotes":""},"class_list":["post-1969","page","type-page","status-publish","hentry"],"a3_pvc":{"activated":true,"total_views":103,"today_views":0},"yoast_head":"<!-- This site is optimized with the Yoast SEO plugin v27.4 - https:\/\/yoast.com\/product\/yoast-seo-wordpress\/ -->\n<title>\u0130\u015f \u0130lanlar\u0131 - Ali Sukru Cetinkaya<\/title>\n<meta name=\"robots\" content=\"index, follow, max-snippet:-1, max-image-preview:large, max-video-preview:-1\" \/>\n<link rel=\"canonical\" href=\"https:\/\/alisukru.org\/?page_id=1969\" \/>\n<meta property=\"og:locale\" content=\"tr_TR\" \/>\n<meta property=\"og:type\" content=\"article\" \/>\n<meta property=\"og:title\" content=\"\u0130\u015f \u0130lanlar\u0131 - Ali Sukru Cetinkaya\" \/>\n<meta property=\"og:url\" content=\"https:\/\/alisukru.org\/?page_id=1969\" \/>\n<meta property=\"og:site_name\" content=\"Ali Sukru Cetinkaya\" \/>\n<meta property=\"article:modified_time\" content=\"2023-07-16T15:40:11+00:00\" \/>\n<meta name=\"twitter:card\" content=\"summary_large_image\" \/>\n<meta name=\"twitter:label1\" content=\"Tahmini okuma s\u00fcresi\" \/>\n\t<meta name=\"twitter:data1\" content=\"1 dakika\" \/>\n<script type=\"application\/ld+json\" class=\"yoast-schema-graph\">{\"@context\":\"https:\\\/\\\/schema.org\",\"@graph\":[{\"@type\":\"WebPage\",\"@id\":\"https:\\\/\\\/alisukru.org\\\/?page_id=1969\",\"url\":\"https:\\\/\\\/alisukru.org\\\/?page_id=1969\",\"name\":\"\u0130\u015f \u0130lanlar\u0131 - Ali Sukru Cetinkaya\",\"isPartOf\":{\"@id\":\"https:\\\/\\\/alisukru.org\\\/#website\"},\"datePublished\":\"2023-06-16T19:27:43+00:00\",\"dateModified\":\"2023-07-16T15:40:11+00:00\",\"breadcrumb\":{\"@id\":\"https:\\\/\\\/alisukru.org\\\/?page_id=1969#breadcrumb\"},\"inLanguage\":\"tr\",\"potentialAction\":[{\"@type\":\"ReadAction\",\"target\":[\"https:\\\/\\\/alisukru.org\\\/?page_id=1969\"]}]},{\"@type\":\"BreadcrumbList\",\"@id\":\"https:\\\/\\\/alisukru.org\\\/?page_id=1969#breadcrumb\",\"itemListElement\":[{\"@type\":\"ListItem\",\"position\":1,\"name\":\"Anasayfa\",\"item\":\"https:\\\/\\\/alisukru.org\\\/\"},{\"@type\":\"ListItem\",\"position\":2,\"name\":\"\u0130\u015f \u0130lanlar\u0131\"}]},{\"@type\":\"WebSite\",\"@id\":\"https:\\\/\\\/alisukru.org\\\/#website\",\"url\":\"https:\\\/\\\/alisukru.org\\\/\",\"name\":\"Ali Sukru Cetinkaya\",\"description\":\"\",\"publisher\":{\"@id\":\"https:\\\/\\\/alisukru.org\\\/#\\\/schema\\\/person\\\/91e17e5bf8c66d4ac1567139eac09434\"},\"potentialAction\":[{\"@type\":\"SearchAction\",\"target\":{\"@type\":\"EntryPoint\",\"urlTemplate\":\"https:\\\/\\\/alisukru.org\\\/?s={search_term_string}\"},\"query-input\":{\"@type\":\"PropertyValueSpecification\",\"valueRequired\":true,\"valueName\":\"search_term_string\"}}],\"inLanguage\":\"tr\"},{\"@type\":[\"Person\",\"Organization\"],\"@id\":\"https:\\\/\\\/alisukru.org\\\/#\\\/schema\\\/person\\\/91e17e5bf8c66d4ac1567139eac09434\",\"name\":\"alisukru\",\"image\":{\"@type\":\"ImageObject\",\"inLanguage\":\"tr\",\"@id\":\"https:\\\/\\\/alisukru.org\\\/wp-content\\\/uploads\\\/2023\\\/06\\\/logo_alisukru_tr.png\",\"url\":\"https:\\\/\\\/alisukru.org\\\/wp-content\\\/uploads\\\/2023\\\/06\\\/logo_alisukru_tr.png\",\"contentUrl\":\"https:\\\/\\\/alisukru.org\\\/wp-content\\\/uploads\\\/2023\\\/06\\\/logo_alisukru_tr.png\",\"width\":175,\"height\":24,\"caption\":\"alisukru\"},\"logo\":{\"@id\":\"https:\\\/\\\/alisukru.org\\\/wp-content\\\/uploads\\\/2023\\\/06\\\/logo_alisukru_tr.png\"}}]}<\/script>\n<!-- \/ Yoast SEO plugin. -->","yoast_head_json":{"title":"\u0130\u015f \u0130lanlar\u0131 - Ali Sukru Cetinkaya","robots":{"index":"index","follow":"follow","max-snippet":"max-snippet:-1","max-image-preview":"max-image-preview:large","max-video-preview":"max-video-preview:-1"},"canonical":"https:\/\/alisukru.org\/?page_id=1969","og_locale":"tr_TR","og_type":"article","og_title":"\u0130\u015f \u0130lanlar\u0131 - Ali Sukru Cetinkaya","og_url":"https:\/\/alisukru.org\/?page_id=1969","og_site_name":"Ali Sukru Cetinkaya","article_modified_time":"2023-07-16T15:40:11+00:00","twitter_card":"summary_large_image","twitter_misc":{"Tahmini okuma s\u00fcresi":"1 dakika"},"schema":{"@context":"https:\/\/schema.org","@graph":[{"@type":"WebPage","@id":"https:\/\/alisukru.org\/?page_id=1969","url":"https:\/\/alisukru.org\/?page_id=1969","name":"\u0130\u015f \u0130lanlar\u0131 - Ali Sukru Cetinkaya","isPartOf":{"@id":"https:\/\/alisukru.org\/#website"},"datePublished":"2023-06-16T19:27:43+00:00","dateModified":"2023-07-16T15:40:11+00:00","breadcrumb":{"@id":"https:\/\/alisukru.org\/?page_id=1969#breadcrumb"},"inLanguage":"tr","potentialAction":[{"@type":"ReadAction","target":["https:\/\/alisukru.org\/?page_id=1969"]}]},{"@type":"BreadcrumbList","@id":"https:\/\/alisukru.org\/?page_id=1969#breadcrumb","itemListElement":[{"@type":"ListItem","position":1,"name":"Anasayfa","item":"https:\/\/alisukru.org\/"},{"@type":"ListItem","position":2,"name":"\u0130\u015f \u0130lanlar\u0131"}]},{"@type":"WebSite","@id":"https:\/\/alisukru.org\/#website","url":"https:\/\/alisukru.org\/","name":"Ali Sukru Cetinkaya","description":"","publisher":{"@id":"https:\/\/alisukru.org\/#\/schema\/person\/91e17e5bf8c66d4ac1567139eac09434"},"potentialAction":[{"@type":"SearchAction","target":{"@type":"EntryPoint","urlTemplate":"https:\/\/alisukru.org\/?s={search_term_string}"},"query-input":{"@type":"PropertyValueSpecification","valueRequired":true,"valueName":"search_term_string"}}],"inLanguage":"tr"},{"@type":["Person","Organization"],"@id":"https:\/\/alisukru.org\/#\/schema\/person\/91e17e5bf8c66d4ac1567139eac09434","name":"alisukru","image":{"@type":"ImageObject","inLanguage":"tr","@id":"https:\/\/alisukru.org\/wp-content\/uploads\/2023\/06\/logo_alisukru_tr.png","url":"https:\/\/alisukru.org\/wp-content\/uploads\/2023\/06\/logo_alisukru_tr.png","contentUrl":"https:\/\/alisukru.org\/wp-content\/uploads\/2023\/06\/logo_alisukru_tr.png","width":175,"height":24,"caption":"alisukru"},"logo":{"@id":"https:\/\/alisukru.org\/wp-content\/uploads\/2023\/06\/logo_alisukru_tr.png"}}]}},"uagb_featured_image_src":{"full":false,"thumbnail":false,"medium":false,"medium_large":false,"large":false,"1536x1536":false,"2048x2048":false,"woocommerce_thumbnail":false,"woocommerce_single":false,"woocommerce_gallery_thumbnail":false},"uagb_author_info":{"display_name":"alisukru_alisukru_org","author_link":"https:\/\/alisukru.org\/?author=1"},"uagb_comment_info":0,"uagb_excerpt":null,"_links":{"self":[{"href":"https:\/\/alisukru.org\/index.php?rest_route=\/wp\/v2\/pages\/1969","targetHints":{"allow":["GET"]}}],"collection":[{"href":"https:\/\/alisukru.org\/index.php?rest_route=\/wp\/v2\/pages"}],"about":[{"href":"https:\/\/alisukru.org\/index.php?rest_route=\/wp\/v2\/types\/page"}],"author":[{"embeddable":true,"href":"https:\/\/alisukru.org\/index.php?rest_route=\/wp\/v2\/users\/1"}],"replies":[{"embeddable":true,"href":"https:\/\/alisukru.org\/index.php?rest_route=%2Fwp%2Fv2%2Fcomments&post=1969"}],"version-history":[{"count":2,"href":"https:\/\/alisukru.org\/index.php?rest_route=\/wp\/v2\/pages\/1969\/revisions"}],"predecessor-version":[{"id":2012,"href":"https:\/\/alisukru.org\/index.php?rest_route=\/wp\/v2\/pages\/1969\/revisions\/2012"}],"wp:attachment":[{"href":"https:\/\/alisukru.org\/index.php?rest_route=%2Fwp%2Fv2%2Fmedia&parent=1969"}],"curies":[{"name":"wp","href":"https:\/\/api.w.org\/{rel}","templated":true}]}}